{"id":113,"date":"2017-01-09T20:42:55","date_gmt":"2017-01-09T19:42:55","guid":{"rendered":"http:\/\/www.varia-vert.com\/?page_id=113\/"},"modified":"2017-01-09T21:16:14","modified_gmt":"2017-01-09T20:16:14","slug":"acer-baumschule","status":"publish","type":"page","link":"https:\/\/www.varia-vert.com\/de\/sortiment\/acer-baumschule\/","title":{"rendered":"Acer Baumschule"},"content":{"rendered":"<h1><strong>Suchen Sie eine Acer Baumschule welche beste Qualit\u00e4t liefert?<\/strong><\/h1>\n<p>Varia Vert ist eine HandelsBaumschule aus Holland, die t\u00e4glich mit Kunden aus dem Inland und Ausland zusammenarbeitet. Wir besitzen viele M\u00f6glichkeiten um Sie rundum zufrieden machen zu k\u00f6nnen. Deshalb stellen wir auch sicher, dass wir die gr\u00f6sste Auswahl an sch\u00f6nen Pflanzen besitzen. Denken Sie dabei auch an Acer. Wir sind eine offizielle Ahron-Baumschule welche j\u00e4hrlich neuen Acer produziert. Da wir uns schon lange mit der Aufzucht von Acer besch\u00e4ftigen, wissen wir genau was notwendig ist und sorgen daf\u00fcr, dass die Qualit\u00e4t stimmt. Der Acer ist ein Laubbaum.<\/p>\n<p>Durch die farbigen Bl\u00e4tter wird diese Pflanze h\u00e4ufig in Zierg\u00e4rten verwendet. Dadurch ist diese Zierpflanze auch perfekt f\u00fcr Dekorationszwecken zu verwenden. Die Acergew\u00e4chse stammen exklusive aus Holland. Wir f\u00fchren alles in Eigenregie aus und z\u00fcchten die Pflanze komplett in Holland. Wir begleiten den gesamten Prozess von Anfang bis zum Schluss und sorgen daf\u00fcr, dass die Qualit\u00e4t der Pflanze garantiert hoch ist.<\/p>\n<p>Das macht uns zu Ihrer Acer-Baumschule, der Baumschule die Sie suchen!<\/p>\n<h2>Eine Acer Baumschule aus Holland welche mit hoher Qualit\u00e4t zu besten Preisen arbeitet<\/h2>\n<p>Haben Sie spezielle W\u00fcnsche? Dann ist das mit Sicherheit kein Problem. Wir gehen auf Ihre W\u00fcnsche ein und k\u00f6nnen so auch bei der Form und den Abmessungen auf Ihre Bed\u00fcrfnisse R\u00fccksicht nehmen. M\u00f6chten Sie zum Beispiel den Acer nach Kundenwunsch geliefert bekommen? Dann sorgen wir daf\u00fcr, dass die Pflanze die bestimmte Form und Abmessung hat welche Sie sich w\u00fcnschen. Damit erhalten Sie eine massgeschneiderte Pflanze zu einem Top-Preis.<\/p>\n<p>Wir k\u00f6nnen sehr schnell reagieren, weil wir die Bestellungen selber ausliefern. Sie k\u00f6nnen sicher sein, dass die Bestellung sorgf\u00e4ltig und p\u00fcnktlich transportiert wird. Wir halten unsere Versprechen jederzeit ein!<\/p>\n","protected":false},"excerpt":{"rendered":"<p>Suchen Sie eine Acer Baumschule welche beste Qualit\u00e4t liefert? Varia Vert ist eine HandelsBaumschule aus Holland, die t\u00e4glich mit Kunden aus dem Inland und Ausland zusammenarbeitet. Wir besitzen viele M\u00f6glichkeiten um Sie rundum zufrieden machen zu k\u00f6nnen. Deshalb stellen wir auch sicher, dass wir die gr\u00f6sste Auswahl an sch\u00f6nen Pflanzen besitzen. Denken Sie dabei auch [&hellip;]<\/p>\n","protected":false},"author":1,"featured_media":9,"parent":92,"menu_order":0,"comment_status":"closed","ping_status":"closed","template":"template_variavert.php","meta":[],"_links":{"self":[{"href":"https:\/\/www.varia-vert.com\/de\/wp-json\/wp\/v2\/pages\/113"}],"collection":[{"href":"https:\/\/www.varia-vert.com\/de\/wp-json\/wp\/v2\/pages"}],"about":[{"href":"https:\/\/www.varia-vert.com\/de\/wp-json\/wp\/v2\/types\/page"}],"author":[{"embeddable":true,"href":"https:\/\/www.varia-vert.com\/de\/wp-json\/wp\/v2\/users\/1"}],"replies":[{"embeddable":true,"href":"https:\/\/www.varia-vert.com\/de\/wp-json\/wp\/v2\/comments?post=113"}],"version-history":[{"count":1,"href":"https:\/\/www.varia-vert.com\/de\/wp-json\/wp\/v2\/pages\/113\/revisions"}],"predecessor-version":[{"id":114,"href":"https:\/\/www.varia-vert.com\/de\/wp-json\/wp\/v2\/pages\/113\/revisions\/114"}],"up":[{"embeddable":true,"href":"https:\/\/www.varia-vert.com\/de\/wp-json\/wp\/v2\/pages\/92"}],"wp:featuredmedia":[{"embeddable":true,"href":"https:\/\/www.varia-vert.com\/de\/wp-json\/wp\/v2\/media\/9"}],"wp:attachment":[{"href":"https:\/\/www.varia-vert.com\/de\/wp-json\/wp\/v2\/media?parent=113"}],"curies":[{"name":"wp","href":"https:\/\/api.w.org\/{rel}","templated":true}]}}