{"id":118,"date":"2017-01-09T20:50:40","date_gmt":"2017-01-09T19:50:40","guid":{"rendered":"http:\/\/www.varia-vert.com\/?page_id=118\/"},"modified":"2017-01-09T21:16:51","modified_gmt":"2017-01-09T20:16:51","slug":"ahorn-baumschule-2","status":"publish","type":"page","link":"https:\/\/www.varia-vert.com\/de\/sortiment\/ahorn-baumschule-2\/","title":{"rendered":"Ahorn Baumschule"},"content":{"rendered":"<h1><strong>Suchen Sie eine professionelle Ahorn Baumschule mit bester Qualit\u00e4t?<\/strong><\/h1>\n<p>Kundenzufriedenheit steht bei uns an oberster Stelle. Daf\u00fcr tun wir alles. Wir stellen sicher, dass die Kundenkommunikation direkt und reibungslos funktioniert. Wir bauen auf den pers\u00f6nlichen Kontakt mit Ihnen, so k\u00f6nnen Sie uns jederzeit all Ihre W\u00fcnsche und Bed\u00fcrfnisse anvertrauen. Wir versuchen immer so schnell wie m\u00f6glich zu antworten und Ihren Wunsch zu organisieren. Um die Zufriedenheit steigern zu k\u00f6nnen, kommen wir stets unseren Verpflichtungen nach. Unsere Reaktionszeit ist sehr kurz da wir alles im eigenen Unternehmen abwickeln k\u00f6nnen.<\/p>\n<p>Wir k\u00f6nnen Ihnen versichern, dass alles aus Holland stammt und wir keine F\u00e4lschungen oder Billigware verkaufen. Alles ist von hoher Qualit\u00e4t und stammt direkt aus den Niederlanden. Gerne arbeiten wir auf Wunsch unserer Kunden. M\u00f6chten Sie eine Ihre Lieferung auf einen bestimmten Zeitpunkt erhalten? Oder soll Ihre Pflanze eine bestimmte Form haben? Wir sind Ihr Partner! Wir liefern Ihre Bestellung selber aus. Damit k\u00f6nnen wir garantieren, dass die Qualit\u00e4t der Pflanze auch w\u00e4hrend dem Transport erhalten bleibt. Wir sorgen daf\u00fcr, dass w\u00e4hrend der gesamten Transport der Pflanzen unter besten Bedingungen erfolgt. Damit erhalten Sie hervorragende Qualit\u00e4t geliefert \u2013 und dies zu Top-Preisen!<\/p>\n<p>Bestellen Sie jetzt bei der f\u00fchrenden Ahorn Baumschule aus Holland!<\/p>\n<h2>Die <u>offizielle<\/u> Ahorn Baumschule \u2013 Varia Vert aus Holland!<\/h2>\n<p>Der Ahorn ist eine wunderbare Pflanze. Als offizielle Ahorn Baumschule sind wir der Meinung, dass diese Pflanze bei Auslieferung die beste Qualit\u00e4t haben soll. Wir besitzen ein grosses Wissen \u00fcber die Pflanze und haben \u00fcber die Jahre viele Erfahrungen gesammelt. Es ist eine bunte Pflanze welche perfekt als sch\u00f6ne Zierpflanze oder zu Dekorationszwecken dienen kann!<\/p>\n<p>Bestellen Sie den Ahorn jetzt bei Varia Vert!<\/p>\n","protected":false},"excerpt":{"rendered":"<p>Suchen Sie eine professionelle Ahorn Baumschule mit bester Qualit\u00e4t? Kundenzufriedenheit steht bei uns an oberster Stelle. Daf\u00fcr tun wir alles. Wir stellen sicher, dass die Kundenkommunikation direkt und reibungslos funktioniert. Wir bauen auf den pers\u00f6nlichen Kontakt mit Ihnen, so k\u00f6nnen Sie uns jederzeit all Ihre W\u00fcnsche und Bed\u00fcrfnisse anvertrauen. Wir versuchen immer so schnell wie [&hellip;]<\/p>\n","protected":false},"author":1,"featured_media":9,"parent":92,"menu_order":0,"comment_status":"closed","ping_status":"closed","template":"template_variavert.php","meta":[],"_links":{"self":[{"href":"https:\/\/www.varia-vert.com\/de\/wp-json\/wp\/v2\/pages\/118"}],"collection":[{"href":"https:\/\/www.varia-vert.com\/de\/wp-json\/wp\/v2\/pages"}],"about":[{"href":"https:\/\/www.varia-vert.com\/de\/wp-json\/wp\/v2\/types\/page"}],"author":[{"embeddable":true,"href":"https:\/\/www.varia-vert.com\/de\/wp-json\/wp\/v2\/users\/1"}],"replies":[{"embeddable":true,"href":"https:\/\/www.varia-vert.com\/de\/wp-json\/wp\/v2\/comments?post=118"}],"version-history":[{"count":1,"href":"https:\/\/www.varia-vert.com\/de\/wp-json\/wp\/v2\/pages\/118\/revisions"}],"predecessor-version":[{"id":119,"href":"https:\/\/www.varia-vert.com\/de\/wp-json\/wp\/v2\/pages\/118\/revisions\/119"}],"up":[{"embeddable":true,"href":"https:\/\/www.varia-vert.com\/de\/wp-json\/wp\/v2\/pages\/92"}],"wp:featuredmedia":[{"embeddable":true,"href":"https:\/\/www.varia-vert.com\/de\/wp-json\/wp\/v2\/media\/9"}],"wp:attachment":[{"href":"https:\/\/www.varia-vert.com\/de\/wp-json\/wp\/v2\/media?parent=118"}],"curies":[{"name":"wp","href":"https:\/\/api.w.org\/{rel}","templated":true}]}}