{"id":120,"date":"2017-01-09T20:51:29","date_gmt":"2017-01-09T19:51:29","guid":{"rendered":"http:\/\/www.varia-vert.com\/?page_id=120\/"},"modified":"2017-01-09T21:15:09","modified_gmt":"2017-01-09T20:15:09","slug":"ahorn-import","status":"publish","type":"page","link":"https:\/\/www.varia-vert.com\/de\/sortiment\/ahorn-import\/","title":{"rendered":"Ahorn Import"},"content":{"rendered":"<h1>Suchen Sie eine professionelle G\u00e4rtnerei (Unternehmen) f\u00fcr den Import von Ahorn?<\/h1>\n<p>Varia Vert ist nicht nur eine professionelle und erfahrene G\u00e4rtnerei, wir liefern Ihre Bestellungen auch als sorgf\u00e4ltiger Spediteur aus. Dadurch wird ihr Ahorn-Import direkt vom Z\u00fcchter geliefert und Sie k\u00f6nnen dabei von den besten Konditionen profitieren. Zudem sind wir auch eine G\u00e4rtnerei mti jahrelanger Erfahrung. Wollen Sie Ahorn in Ihr Land importieren? Wir sind f\u00fcr gerne f\u00fcr Sie da und unterst\u00fctzen Sie im ganzen Ablauf. Dies beginnt bei der Aufzucht, der Betreuung bis zur Lieferung an den von Ihnen gew\u00fcnschten Ort. So steht Ihnen ein flexibler Partner zur Seite welcher bevorzugte Qualit\u00e4t liefert.<\/p>\n<p>Wir pflegen eine hohe Qualit\u00e4tsgarantie da wir alles intern abwickeln und somit jederzeit die Qualit\u00e4t \u00fcberpr\u00fcfen k\u00f6nnen. Dar\u00fcber hinaus bieten wir stets einen konkurrenzf\u00e4higen Preis da wir alles au seiner Hand anbieten k\u00f6nnen und sich keine Zwischenh\u00e4ndler dazwischen befinden. Deshalb geh\u00f6ren wir zu den f\u00fchrenden Handelsg\u00e4rtnereien. Wir streben jederzeit h\u00f6chste Kundenzufriedenheit an.<\/p>\n<p>Sind Sie auf der Suche nach einem professionellen und erfahrenen Unternehmen f\u00fcr Ihren Ahorn-Import? Nehmen Sie einfach und schnell Kontakt mit uns auf! Dadurch wird Ihr Ahorn innert k\u00fcrzester Zeit am gew\u00fcnschten Ort geliefert.<\/p>\n<h2><strong>Suchen Sie f\u00fcr den Ahorn Import ein Unternehmen (einen Partner) welches alles f\u00fcr Sie organisiert?<\/strong><\/h2>\n<p>Der Ahorn-Import sollte gut und sorgf\u00e4ltig organisiert werden. Damit die sorgf\u00e4ltige Behandlung garantiert werden kann, liefern wir diese sch\u00f6ne Pflanzen selber aus. Der Ahorn stammt von den Laubb\u00e4umen ab, ist somit auch eine Zierpflanze. Der Ahorn wird sehr h\u00e4ufig in Zierg\u00e4rten verwendet und dient auch perfekt als Dekoration f\u00fcr Ihren eigenen Garten. Suchen Sie beste Ahorn-Qualit\u00e4t? Nehmen Sie mit uns Kontakt auf.<\/p>\n","protected":false},"excerpt":{"rendered":"<p>Suchen Sie eine professionelle G\u00e4rtnerei (Unternehmen) f\u00fcr den Import von Ahorn? Varia Vert ist nicht nur eine professionelle und erfahrene G\u00e4rtnerei, wir liefern Ihre Bestellungen auch als sorgf\u00e4ltiger Spediteur aus. Dadurch wird ihr Ahorn-Import direkt vom Z\u00fcchter geliefert und Sie k\u00f6nnen dabei von den besten Konditionen profitieren. Zudem sind wir auch eine G\u00e4rtnerei mti jahrelanger [&hellip;]<\/p>\n","protected":false},"author":1,"featured_media":9,"parent":92,"menu_order":0,"comment_status":"closed","ping_status":"closed","template":"template_variavert.php","meta":[],"_links":{"self":[{"href":"https:\/\/www.varia-vert.com\/de\/wp-json\/wp\/v2\/pages\/120"}],"collection":[{"href":"https:\/\/www.varia-vert.com\/de\/wp-json\/wp\/v2\/pages"}],"about":[{"href":"https:\/\/www.varia-vert.com\/de\/wp-json\/wp\/v2\/types\/page"}],"author":[{"embeddable":true,"href":"https:\/\/www.varia-vert.com\/de\/wp-json\/wp\/v2\/users\/1"}],"replies":[{"embeddable":true,"href":"https:\/\/www.varia-vert.com\/de\/wp-json\/wp\/v2\/comments?post=120"}],"version-history":[{"count":1,"href":"https:\/\/www.varia-vert.com\/de\/wp-json\/wp\/v2\/pages\/120\/revisions"}],"predecessor-version":[{"id":121,"href":"https:\/\/www.varia-vert.com\/de\/wp-json\/wp\/v2\/pages\/120\/revisions\/121"}],"up":[{"embeddable":true,"href":"https:\/\/www.varia-vert.com\/de\/wp-json\/wp\/v2\/pages\/92"}],"wp:featuredmedia":[{"embeddable":true,"href":"https:\/\/www.varia-vert.com\/de\/wp-json\/wp\/v2\/media\/9"}],"wp:attachment":[{"href":"https:\/\/www.varia-vert.com\/de\/wp-json\/wp\/v2\/media?parent=120"}],"curies":[{"name":"wp","href":"https:\/\/api.w.org\/{rel}","templated":true}]}}