{"id":130,"date":"2017-01-09T20:56:26","date_gmt":"2017-01-09T19:56:26","guid":{"rendered":"http:\/\/www.varia-vert.com\/?page_id=130\/"},"modified":"2017-01-09T20:56:26","modified_gmt":"2017-01-09T19:56:26","slug":"hydrangea-solitar","status":"publish","type":"page","link":"https:\/\/www.varia-vert.com\/de\/sortiment\/hydrangea-solitar\/","title":{"rendered":"Hydrangea solit\u00e4r"},"content":{"rendered":"<h1><strong>Suchen Sie qualitative Hydrangea solit\u00e4r f\u00fcr ihren Garten?<\/strong><\/h1>\n<p>Varia Vert ist die f\u00fchrende G\u00e4rtnerei aus Holland die alle Produkte exklusiv aus Holland bezieht. Alles ist von hoher Qualit\u00e4t und keine F\u00e4lschungen oder Billigware. Da wir m\u00f6glichst viel in Eigenregie ausf\u00fchren sind wir in der Lage konstant hohe Qualit\u00e4t anzubieten. Von Beginn bis zur Auslieferung an die gew\u00fcnschte Bestimmung \u00fcberpr\u00fcfen wir den ganzen Wachstum und sind daf\u00fcr besorgt, dass alles nach Wunsch abl\u00e4uft. Sie haben auch die M\u00f6glichkeit die <em><strong>Hydrangea solit\u00e4r<\/strong><\/em> liefern zu lassen. Dadurch k\u00f6nnen Sie die Pflanze direkt am gew\u00fcnschten Ort platzieren. Wir k\u00f6nnen das auch f\u00fcr Sie \u00fcbernehmen damit Sie die H\u00e4nde nicht schmutzig machen m\u00fcssen! So erhalten Sie eine Pflanze auf Mass und nach Ihren W\u00fcnschen! Zudem garantieren wir Ihnen den besten Preis. Da wir alles in Eigenregie ausf\u00fchren, wissen wir und k\u00f6nnen Ihnen auch garantieren, dass wir einen konkurrenzf\u00e4higen Preis anbieten. Wir sind sehr flexibel was wir jederzeit im pers\u00f6nlichen Kontakt unter Beweis stellen. Wir sind stets am Puls des Kunden und k\u00f6nnen auf W\u00fcnsche und Bed\u00fcrfnisse eingehen damit Sie erhalten was Sie w\u00fcnschen! So versuchen wir die Kundenzufriedenheit so hoch wie m\u00f6glich zu halten!<\/p>\n<h2>M\u00f6chten Sie Hydrangea solit\u00e4r massgeschneidert nach Ihren W\u00fcnschen?<\/h2>\n<p>Wir sorgen daf\u00fcr, dass Sie zufrieden sind. Dies erreichen wir nicht nur mit Qualit\u00e4t sondern halten auch unsere Versprechungen ein. Wir sorgen daf\u00fcr, dass wir fundierte Kenntnisse und Erfahrung verf\u00fcgen. Die Hortensie ist eine sch\u00f6ne winterfeste Pflanze welche im Sommer wunderbar bl\u00fcht. Wenn die Pflanzen nebeneinander angepflanzt werden erzielt mit aufgrund der grossen Blumen einen grossartigen Anblick. Sie k\u00f6nnen die Hortensie als gew\u00f6hnlicher Strauch oder als Kletterhortensie bestellen. In allen Farben und Gr\u00f6ssen k\u00f6nnen Hydrangea solit\u00e4r bei uns bestellt werden. Die Hyndrengea ist auch bekannt als Hortensie.<\/p>\n<p>F\u00fcr die beste Qualit\u00e4t an Hortenisen nehmen Sie jetzt noch mit Varia Vert Kontakt auf!<\/p>\n","protected":false},"excerpt":{"rendered":"<p>Suchen Sie qualitative Hydrangea solit\u00e4r f\u00fcr ihren Garten? Varia Vert ist die f\u00fchrende G\u00e4rtnerei aus Holland die alle Produkte exklusiv aus Holland bezieht. Alles ist von hoher Qualit\u00e4t und keine F\u00e4lschungen oder Billigware. Da wir m\u00f6glichst viel in Eigenregie ausf\u00fchren sind wir in der Lage konstant hohe Qualit\u00e4t anzubieten. Von Beginn bis zur Auslieferung an [&hellip;]<\/p>\n","protected":false},"author":1,"featured_media":9,"parent":92,"menu_order":0,"comment_status":"closed","ping_status":"closed","template":"template_variavert.php","meta":[],"_links":{"self":[{"href":"https:\/\/www.varia-vert.com\/de\/wp-json\/wp\/v2\/pages\/130"}],"collection":[{"href":"https:\/\/www.varia-vert.com\/de\/wp-json\/wp\/v2\/pages"}],"about":[{"href":"https:\/\/www.varia-vert.com\/de\/wp-json\/wp\/v2\/types\/page"}],"author":[{"embeddable":true,"href":"https:\/\/www.varia-vert.com\/de\/wp-json\/wp\/v2\/users\/1"}],"replies":[{"embeddable":true,"href":"https:\/\/www.varia-vert.com\/de\/wp-json\/wp\/v2\/comments?post=130"}],"version-history":[{"count":1,"href":"https:\/\/www.varia-vert.com\/de\/wp-json\/wp\/v2\/pages\/130\/revisions"}],"predecessor-version":[{"id":131,"href":"https:\/\/www.varia-vert.com\/de\/wp-json\/wp\/v2\/pages\/130\/revisions\/131"}],"up":[{"embeddable":true,"href":"https:\/\/www.varia-vert.com\/de\/wp-json\/wp\/v2\/pages\/92"}],"wp:featuredmedia":[{"embeddable":true,"href":"https:\/\/www.varia-vert.com\/de\/wp-json\/wp\/v2\/media\/9"}],"wp:attachment":[{"href":"https:\/\/www.varia-vert.com\/de\/wp-json\/wp\/v2\/media?parent=130"}],"curies":[{"name":"wp","href":"https:\/\/api.w.org\/{rel}","templated":true}]}}