{"id":132,"date":"2017-01-09T20:58:05","date_gmt":"2017-01-09T19:58:05","guid":{"rendered":"http:\/\/www.varia-vert.com\/?page_id=132\/"},"modified":"2017-01-09T20:58:05","modified_gmt":"2017-01-09T19:58:05","slug":"ilex-baumschule","status":"publish","type":"page","link":"https:\/\/www.varia-vert.com\/de\/sortiment\/ilex-baumschule\/","title":{"rendered":"Ilex Baumschule"},"content":{"rendered":"<h1><strong>Suchen Sie eine Ilex Baumschule mit bester Qualit\u00e4t?<\/strong><\/h1>\n<p>Wir sind eine Baumschule f\u00fcr Ilex und z\u00fcchten diese Pflanzenart schon sehr lange. Deshalb haben wir eine Menge an Erfahrung in der Zucht dieser Pflanzen gesammelt und k\u00f6nnen so unserem Produkt beste Qualit\u00e4t mitgeben. Da wir alles in Eigenregie ausf\u00fchren, sind wir immer auf dem aktuellsten Entwicklungsstand der Pflanze. Dadurch sind wir in der Lage schnell reagieren zu k\u00f6nnen und sorgen daf\u00fcr, dass die Pflanze die beste Qualit\u00e4t hat wenn wir diese an Sie ausliefern.<\/p>\n<p>Eine Stechpalme ist eine wunderbare Pflanze aus der Familie der Stechh\u00fclsengew\u00e4chse. Diese Pflanze ist Jahrhunderte alt, bleibt aber nach wie vor beliebt bei den Kunden. Die Stechpalme ist eine winterharte Pflanze. Das bedeutet, dass Sie diese bei richtiger Haltung jahrelang halten k\u00f6nnen. Da die Stechpalme in vielen verschiedenen Formen und Gr\u00f6ssen verf\u00fcgbar ist, ist diese Pflanze f\u00fcr viele Zwecke einsetzbar.<\/p>\n<p>Die Pflanze kann als Strauch gez\u00fcchtet werden, oder auch als Baum welcher bis zu 2.5 Meter gross werden kann. So haben Sie einen wunderbaren Strauch oder Baum in Ihrem eigenen Garten. Zudem ist die Stechpalme immergr\u00fcn und tr\u00e4gt w\u00e4hrend der Saison rote Fr\u00fcchte. Diese sind im Sommer hart, werden jedoch mit einhaltendem Frost weich und so zu einer schmackhaften Frucht f\u00fcr V\u00f6gel. Leider ist diese Frucht f\u00fcr Menschen giftig!<\/p>\n<h2>Eine Baumschule mit wunderbaren Ilex zu niedrigsten Preisen?<\/h2>\n<p>Da diese Pflanze sehr sch\u00f6n w\u00e4chst, finden wir es wichtig dass weiterhin diese Klasse erhalten bleibt. Darum versuchen wir von Beginn an sorgf\u00e4ltig damit umzugehen. Wenn diese Pflanze an unsere Kunden transportiert wird, stellen wir sicher, dass die Stechpalme unter den besten Bedingungen an den Bestimmungsort verfrachtet wird. Da wir alles in Eigenregie ausf\u00fchren, k\u00f6nnen wir Ihnen diese Pflanzen f\u00fcr einen unschlagbaren Preis anbieten.<\/p>\n<p>Suchen Sie eine Baumschule f\u00fcr Ilex mit bester Qualit\u00e4t und Eigenst\u00e4ndigkeit? Bestellen Sie jetzt diese wunderbaren Pflanzen bei Varia Vert aus Holland!<\/p>\n","protected":false},"excerpt":{"rendered":"<p>Suchen Sie eine Ilex Baumschule mit bester Qualit\u00e4t? Wir sind eine Baumschule f\u00fcr Ilex und z\u00fcchten diese Pflanzenart schon sehr lange. Deshalb haben wir eine Menge an Erfahrung in der Zucht dieser Pflanzen gesammelt und k\u00f6nnen so unserem Produkt beste Qualit\u00e4t mitgeben. Da wir alles in Eigenregie ausf\u00fchren, sind wir immer auf dem aktuellsten Entwicklungsstand [&hellip;]<\/p>\n","protected":false},"author":1,"featured_media":9,"parent":92,"menu_order":0,"comment_status":"closed","ping_status":"closed","template":"template_variavert.php","meta":[],"_links":{"self":[{"href":"https:\/\/www.varia-vert.com\/de\/wp-json\/wp\/v2\/pages\/132"}],"collection":[{"href":"https:\/\/www.varia-vert.com\/de\/wp-json\/wp\/v2\/pages"}],"about":[{"href":"https:\/\/www.varia-vert.com\/de\/wp-json\/wp\/v2\/types\/page"}],"author":[{"embeddable":true,"href":"https:\/\/www.varia-vert.com\/de\/wp-json\/wp\/v2\/users\/1"}],"replies":[{"embeddable":true,"href":"https:\/\/www.varia-vert.com\/de\/wp-json\/wp\/v2\/comments?post=132"}],"version-history":[{"count":1,"href":"https:\/\/www.varia-vert.com\/de\/wp-json\/wp\/v2\/pages\/132\/revisions"}],"predecessor-version":[{"id":133,"href":"https:\/\/www.varia-vert.com\/de\/wp-json\/wp\/v2\/pages\/132\/revisions\/133"}],"up":[{"embeddable":true,"href":"https:\/\/www.varia-vert.com\/de\/wp-json\/wp\/v2\/pages\/92"}],"wp:featuredmedia":[{"embeddable":true,"href":"https:\/\/www.varia-vert.com\/de\/wp-json\/wp\/v2\/media\/9"}],"wp:attachment":[{"href":"https:\/\/www.varia-vert.com\/de\/wp-json\/wp\/v2\/media?parent=132"}],"curies":[{"name":"wp","href":"https:\/\/api.w.org\/{rel}","templated":true}]}}