{"id":136,"date":"2017-01-09T21:00:04","date_gmt":"2017-01-09T20:00:04","guid":{"rendered":"http:\/\/www.varia-vert.com\/?page_id=136\/"},"modified":"2017-01-09T21:05:57","modified_gmt":"2017-01-09T20:05:57","slug":"kiefer-gaertnerei","status":"publish","type":"page","link":"https:\/\/www.varia-vert.com\/de\/sortiment\/kiefer-gaertnerei\/","title":{"rendered":"Kiefer G\u00e4rtnerei"},"content":{"rendered":"<h1><strong>Suchen Sie eine professionelle Kiefer G\u00e4rtnerei mit bester Qualit\u00e4t?<\/strong><\/h1>\n<p>Varia Vert ist eine G\u00e4rtnerei aus Holland welche unterschiedliche Arten von Pflanzen z\u00fcchtet und zu den Kunden transportiert. Da wir jahrelange Erfahrung haben und versuchen auf Kundenw\u00fcnsche einzugehen, erzielen wir so eine hohe Kundenzufriedenheit. Wir z\u00fcchten unter anderem auch Kiefer. Diese sch\u00f6ne Pflanzenart ist ein vielgefragtes Produkt bei unseren Kunden. Wir z\u00fcchten diese dann auch mit viel Freude. Wir sind ein flexibles Unternehmen. Ob Sie nun Ihren Kiefer mit einer aussergew\u00f6hnliche Form oder eine spezielle Abmessungen w\u00fcnschen, wir sorgen daf\u00fcr dass sie dies erhalten. Da wir \u00fcber ein umfassendes, grosses Angebot verf\u00fcgen, k\u00f6nnen wir Sie schnell mit Produkten beliefern.<\/p>\n<p>Wir haben auch die breiteste Palette, von kleinen bis grossen Pflanzen welche Sie bei uns bestellen k\u00f6nnen. Wir z\u00fcchten unsere Produkte allesamt in Holland. Alles was Sie bestellen kommt aus diesem Land und bedeutet, dass Sie eine erhebliche Qualit\u00e4tsgarantie erhalten. Auch, weil wir alles in Eigenregie ausf\u00fchren k\u00f6nnen wir Ihnen diese Qualit\u00e4tsgarantie abgeben. Wir k\u00f6nnen Ihnen auch kurze Lieferzeiten garantieren. Wir k\u00f6nnen sehr flexibler reagieren was in einer schnellen Lieferung Ihrer Bestellung resultiert. Dar\u00fcber hinaus bedienen wir mit den besten Preisen. Die unschlagbarsten Preisen in Kombination mit der besten Qualit\u00e4t sorgen daf\u00fcr, dass wir als f\u00fchrende G\u00e4rtnerei gelten.<\/p>\n<p>Bestellen Sie jetzt Ihre Pflanzen bei der <em><strong>Kiefer G\u00e4rtnerei<\/strong><\/em> aus Holland!<\/p>\n<h2><strong>Suchen Sie eine Kiefer G\u00e4rtnerei aus Holland mit den besten Kieferngew\u00e4chsen?<\/strong><\/h2>\n<p>Das Wichtigste ist die Arbeit f\u00fcr die Kunden. Wir streben nach Kundenzufriedenheit und werden daf\u00fcr alles tun. Alle speziellen W\u00fcnschen k\u00f6nnen wir f\u00fcr Sie arrangieren und erm\u00f6glichen. Wir garantieren Ihnen kurze Antwortzeiten damit Sie schnell eine Antwort auf Ihre W\u00fcnsche erhalten. Wir arbeiten immer im pers\u00f6nlichen Kontakt damit Sie jederzeit \u00fcber den Stand der Arbeiten informiert sind. Auf diese Weise k\u00f6nnen Sie sicher sein, dass Ihre Bestellung immer zum besten Preis geliefert wird.<\/p>\n<p>Willkommen bei Ihrer Kiefer G\u00e4rtnerei mit den besten Preisen \u2013 Varia Vert aus Veen!<\/p>\n","protected":false},"excerpt":{"rendered":"<p>Suchen Sie eine professionelle Kiefer G\u00e4rtnerei mit bester Qualit\u00e4t? Varia Vert ist eine G\u00e4rtnerei aus Holland welche unterschiedliche Arten von Pflanzen z\u00fcchtet und zu den Kunden transportiert. Da wir jahrelange Erfahrung haben und versuchen auf Kundenw\u00fcnsche einzugehen, erzielen wir so eine hohe Kundenzufriedenheit. Wir z\u00fcchten unter anderem auch Kiefer. Diese sch\u00f6ne Pflanzenart ist ein vielgefragtes [&hellip;]<\/p>\n","protected":false},"author":1,"featured_media":9,"parent":92,"menu_order":0,"comment_status":"closed","ping_status":"closed","template":"template_variavert.php","meta":[],"_links":{"self":[{"href":"https:\/\/www.varia-vert.com\/de\/wp-json\/wp\/v2\/pages\/136"}],"collection":[{"href":"https:\/\/www.varia-vert.com\/de\/wp-json\/wp\/v2\/pages"}],"about":[{"href":"https:\/\/www.varia-vert.com\/de\/wp-json\/wp\/v2\/types\/page"}],"author":[{"embeddable":true,"href":"https:\/\/www.varia-vert.com\/de\/wp-json\/wp\/v2\/users\/1"}],"replies":[{"embeddable":true,"href":"https:\/\/www.varia-vert.com\/de\/wp-json\/wp\/v2\/comments?post=136"}],"version-history":[{"count":1,"href":"https:\/\/www.varia-vert.com\/de\/wp-json\/wp\/v2\/pages\/136\/revisions"}],"predecessor-version":[{"id":137,"href":"https:\/\/www.varia-vert.com\/de\/wp-json\/wp\/v2\/pages\/136\/revisions\/137"}],"up":[{"embeddable":true,"href":"https:\/\/www.varia-vert.com\/de\/wp-json\/wp\/v2\/pages\/92"}],"wp:featuredmedia":[{"embeddable":true,"href":"https:\/\/www.varia-vert.com\/de\/wp-json\/wp\/v2\/media\/9"}],"wp:attachment":[{"href":"https:\/\/www.varia-vert.com\/de\/wp-json\/wp\/v2\/media?parent=136"}],"curies":[{"name":"wp","href":"https:\/\/api.w.org\/{rel}","templated":true}]}}