{"id":138,"date":"2017-01-09T21:06:51","date_gmt":"2017-01-09T20:06:51","guid":{"rendered":"http:\/\/www.varia-vert.com\/?page_id=138\/"},"modified":"2017-01-09T21:06:51","modified_gmt":"2017-01-09T20:06:51","slug":"kiefer-solitaer","status":"publish","type":"page","link":"https:\/\/www.varia-vert.com\/de\/sortiment\/kiefer-solitaer\/","title":{"rendered":"Kiefer Solit\u00e4r"},"content":{"rendered":"<h1><strong>M\u00f6chten Sie einen qualitativ hochstehenden Kiefer Solit\u00e4r bei Varia Vert bestellen?<\/strong><\/h1>\n<p>Ein <em><strong>Kiefer Solit\u00e4r<\/strong> <\/em>ist die perfekte Wahl! Dies weil Sie sich um nichts mehr k\u00fcmmern m\u00fcssen. Dieser Kiefer Solit\u00e4r wird fertig f\u00fcr Sie geliefert!<\/p>\n<p>Von Begin der Zucht bis zum Bestimmungsort \u2013 wir regeln alles f\u00fcr Sie! Sie k\u00f6nnen nat\u00fcrlich alle Ihre W\u00fcnsche und Bed\u00fcrfnisse uns mitteilen. Wir sind besorgt daf\u00fcr, dass die Pflanze exakt nach Ihren Vorstellungen geliefert wird! Dieser Kiefer ist eine Gattung von Nadelb\u00e4umen. Die Kiefer Nadeln k\u00f6nnen bis 25 Zentimeter lang werden! Diese Kiefer oder Konifere stammt von der alten Dennenfamilie. In dieser Familie kommen mehrheitlich B\u00e4ume vor. Der Kiefer ist eine Staude was gew\u00e4hrleistet, dass Sie die Pflanze gut f\u00fcr viele Jahre halten k\u00f6nnen! Diese Pflanzen kommen direkt aus unserer Zucht was daf\u00fcr sorgt, dass die hohe Qualit\u00e4t erhalten bleibt und die Pflanze richtig frisch ist.<\/p>\n<p>Die Pflanzen sind in einwandfreiem Zustand. Sie haben nichts mehr zu tun! Wenn Sie es w\u00fcnschen, k\u00f6nnen wir Ihre Bestellung nach Wunsch platzieren! So m\u00fcssen Sie sich die H\u00e4nde nicht schmutzig machen! So wird dieser Kiefer ein echtes Prunkst\u00fcck in Ihrem eigenen Garten. Da wir die Pflanze ganz nach Ihren Wunsch liefern, wird es mit Bestimmtheit ein Juwel in Ihrem Garten werden.<\/p>\n<h2><strong>Suchen Sie eine gute G\u00e4rtnerei f\u00fcr Kiefer Solit\u00e4r?<\/strong><\/h2>\n<p>Wir sind eine f\u00fchrende G\u00e4rtnerei weil wir Qualit\u00e4t als sehr wichtig empfinden und immer versuchen die Kundenzufriedenheit zu steigern. Wir versuchen w\u00e4hrend der Zucht von Beginn an den Kiefer unter sorgf\u00e4ltiger Aufsicht zu halten damit wir jederzeit die Qualit\u00e4t garantieren k\u00f6nnen. Zudem versuchen wir die Pflanze so nat\u00fcrlich wie m\u00f6glich zu z\u00fcchten! Sie erhalten einen exklusiven Preis sowie eine Qualit\u00e4tsgarantie was f\u00fcr Ihre Sicherheit sorgen soll!<\/p>\n<p>Wir versuchen immer so flexibel wie m\u00f6glich zu sein! Haben Sie spezielle W\u00fcnsche oder Bed\u00fcrfnisse? Sie k\u00f6nnen diese jederzeit an Varia Vert durchgeben da wir immer ein offenes Ohr f\u00fcr Sie als Kunde haben! Nehmen Sie heute noch Kontakt mit Varia Vert aus Holland auf!<\/p>\n","protected":false},"excerpt":{"rendered":"<p>M\u00f6chten Sie einen qualitativ hochstehenden Kiefer Solit\u00e4r bei Varia Vert bestellen? Ein Kiefer Solit\u00e4r ist die perfekte Wahl! Dies weil Sie sich um nichts mehr k\u00fcmmern m\u00fcssen. Dieser Kiefer Solit\u00e4r wird fertig f\u00fcr Sie geliefert! Von Begin der Zucht bis zum Bestimmungsort \u2013 wir regeln alles f\u00fcr Sie! Sie k\u00f6nnen nat\u00fcrlich alle Ihre W\u00fcnsche und [&hellip;]<\/p>\n","protected":false},"author":1,"featured_media":9,"parent":92,"menu_order":0,"comment_status":"closed","ping_status":"closed","template":"template_variavert.php","meta":[],"_links":{"self":[{"href":"https:\/\/www.varia-vert.com\/de\/wp-json\/wp\/v2\/pages\/138"}],"collection":[{"href":"https:\/\/www.varia-vert.com\/de\/wp-json\/wp\/v2\/pages"}],"about":[{"href":"https:\/\/www.varia-vert.com\/de\/wp-json\/wp\/v2\/types\/page"}],"author":[{"embeddable":true,"href":"https:\/\/www.varia-vert.com\/de\/wp-json\/wp\/v2\/users\/1"}],"replies":[{"embeddable":true,"href":"https:\/\/www.varia-vert.com\/de\/wp-json\/wp\/v2\/comments?post=138"}],"version-history":[{"count":1,"href":"https:\/\/www.varia-vert.com\/de\/wp-json\/wp\/v2\/pages\/138\/revisions"}],"predecessor-version":[{"id":139,"href":"https:\/\/www.varia-vert.com\/de\/wp-json\/wp\/v2\/pages\/138\/revisions\/139"}],"up":[{"embeddable":true,"href":"https:\/\/www.varia-vert.com\/de\/wp-json\/wp\/v2\/pages\/92"}],"wp:featuredmedia":[{"embeddable":true,"href":"https:\/\/www.varia-vert.com\/de\/wp-json\/wp\/v2\/media\/9"}],"wp:attachment":[{"href":"https:\/\/www.varia-vert.com\/de\/wp-json\/wp\/v2\/media?parent=138"}],"curies":[{"name":"wp","href":"https:\/\/api.w.org\/{rel}","templated":true}]}}