{"id":140,"date":"2017-01-09T21:07:37","date_gmt":"2017-01-09T20:07:37","guid":{"rendered":"http:\/\/www.varia-vert.com\/?page_id=140\/"},"modified":"2017-01-09T21:07:37","modified_gmt":"2017-01-09T20:07:37","slug":"kirschlorbeer-baumschule","status":"publish","type":"page","link":"https:\/\/www.varia-vert.com\/de\/sortiment\/kirschlorbeer-baumschule\/","title":{"rendered":"Kirschlorbeer Baumschule"},"content":{"rendered":"<h1><strong>Suchen Sie ein Kirschlorbeer Baumschule mit bester Qualit\u00e4t zu Top-Preisen?<\/strong><\/h1>\n<p>M\u00f6chten Sie in Ihrem Gesch\u00e4ft oder Gartenzentrum die allerbesten Kirschlorbeeren anbieten? Dann ist Varia Vert, der Z\u00fcchter aus Holland, der Ihnen das anbieten kann. Wir sind eine erfahrene und professionelle Baumschule die t\u00e4glich an den Kundenbed\u00fcrfnisse arbeitet. Wir versuchen immer so flexibel wie m\u00f6glich zu sein und bauen stark auf den pers\u00f6nlichen Kontakt. So k\u00f6nnen Sie uns immer kontaktieren und Ihre W\u00fcnsche und Bed\u00fcrfnisse mitteilen. Damit diese Pflanze die beste Qualit\u00e4t bekommt z\u00fcchten wir unsere Kirschlorbeeren unter gr\u00f6sster Sorgfalt. Haben Sie einen spezifischen Wunsch welcher Sie gerne realisieren m\u00f6chten? Sie k\u00f6nnen Ihre W\u00fcnsche jederzeit angeben. Wir k\u00f6nnen n\u00e4mlich die Abmessungen und die Form f\u00fcr Sie nach Wunsch erstellen. So erhalten Sie eine massgeschneiderte Pflanze!<\/p>\n<p>Weil wir alles im eigenen Haus bearbeiten k\u00f6nnen wir Ihnen die Qualit\u00e4t garantieren. Wir versuchen diese Qualit\u00e4t von Beginn an einfliessen zu lassen und sind daf\u00fcr besorgt dass alles sorgf\u00e4ltig durchgef\u00fchrt wird. Neben unserer Zucht transportieren wir auch Ihre Bestellung zu Ihnen. M\u00f6chten Sie eine Kirschlorbeere an einen gew\u00fcnschten Ort bestellt haben, dann ist das f\u00fcr uns kein Problem. Mit grosser Sorgfalt transportieren wir als <em><strong>Kirschlorbeer Baumschule<\/strong><\/em> Ihre Bestellung an den gew\u00fcnschten Ort im In- und Ausland!<\/p>\n<h2><strong>Eine Kirschlorbeer Baumschule aus Holland mit einem umfassenden Service?<\/strong><\/h2>\n<p>Die Kirschlorbeere ist eine wunderbare Pflanze und geh\u00f6rt zur Familie der Rosengew\u00e4chse. Dies ist eine Jahrhunderte alte Pflanze und wird nachwievor jedes Jahr vielf\u00e4ltig gez\u00fcchtet. Diese Kirschlorbeere geh\u00f6rt zur Familie der Rosengew\u00e4chse, wird jedoch auch h\u00e4ufig Pflaumenbl\u00fcte genannt. Dies kommt davon, dass die Kirschlorbeere in vielen Arten zu haben ist. Einige davon haben die F\u00e4higkeit eine Frucht zu bekommen. Zudem ist diese Pflanze winterhart und immergr\u00fcn.<\/p>\n<p>Diese Pflanzen kommen mit ihren sch\u00f6nen Bl\u00fcten in der Mitte eines Gartens sehr sch\u00f6n zur Geltung. Sie sieht aber auch als eine Art Hecke sch\u00f6n aus.<\/p>\n<p>Bestellen Sie die besten Kirschlorbeeren bei Ihrer Kirschlorbeer Baumschule Varia Vert!<\/p>\n","protected":false},"excerpt":{"rendered":"<p>Suchen Sie ein Kirschlorbeer Baumschule mit bester Qualit\u00e4t zu Top-Preisen? M\u00f6chten Sie in Ihrem Gesch\u00e4ft oder Gartenzentrum die allerbesten Kirschlorbeeren anbieten? Dann ist Varia Vert, der Z\u00fcchter aus Holland, der Ihnen das anbieten kann. Wir sind eine erfahrene und professionelle Baumschule die t\u00e4glich an den Kundenbed\u00fcrfnisse arbeitet. Wir versuchen immer so flexibel wie m\u00f6glich zu [&hellip;]<\/p>\n","protected":false},"author":1,"featured_media":9,"parent":92,"menu_order":0,"comment_status":"closed","ping_status":"closed","template":"template_variavert.php","meta":[],"_links":{"self":[{"href":"https:\/\/www.varia-vert.com\/de\/wp-json\/wp\/v2\/pages\/140"}],"collection":[{"href":"https:\/\/www.varia-vert.com\/de\/wp-json\/wp\/v2\/pages"}],"about":[{"href":"https:\/\/www.varia-vert.com\/de\/wp-json\/wp\/v2\/types\/page"}],"author":[{"embeddable":true,"href":"https:\/\/www.varia-vert.com\/de\/wp-json\/wp\/v2\/users\/1"}],"replies":[{"embeddable":true,"href":"https:\/\/www.varia-vert.com\/de\/wp-json\/wp\/v2\/comments?post=140"}],"version-history":[{"count":1,"href":"https:\/\/www.varia-vert.com\/de\/wp-json\/wp\/v2\/pages\/140\/revisions"}],"predecessor-version":[{"id":141,"href":"https:\/\/www.varia-vert.com\/de\/wp-json\/wp\/v2\/pages\/140\/revisions\/141"}],"up":[{"embeddable":true,"href":"https:\/\/www.varia-vert.com\/de\/wp-json\/wp\/v2\/pages\/92"}],"wp:featuredmedia":[{"embeddable":true,"href":"https:\/\/www.varia-vert.com\/de\/wp-json\/wp\/v2\/media\/9"}],"wp:attachment":[{"href":"https:\/\/www.varia-vert.com\/de\/wp-json\/wp\/v2\/media?parent=140"}],"curies":[{"name":"wp","href":"https:\/\/api.w.org\/{rel}","templated":true}]}}