{"id":144,"date":"2017-01-09T21:09:25","date_gmt":"2017-01-09T20:09:25","guid":{"rendered":"http:\/\/www.varia-vert.com\/?page_id=144\/"},"modified":"2017-01-09T21:09:25","modified_gmt":"2017-01-09T20:09:25","slug":"rhododendren-gaertnerei","status":"publish","type":"page","link":"https:\/\/www.varia-vert.com\/de\/sortiment\/rhododendren-gaertnerei\/","title":{"rendered":"Rhododendren G\u00e4rtnerei"},"content":{"rendered":"<h1><strong>Suchen Sie eine <\/strong><strong>Rhododendren<\/strong><strong> G\u00e4rtnerei mit h\u00f6chster Qualit\u00e4tsgarantie?<\/strong><\/h1>\n<p>Eine sch\u00f6ne Rhododendren ist f\u00fcr einen Garten eine wunderbare Pflanze. M\u00f6chten Sie diese Pflanze in Ihrem Gartenzentrum oder Gesch\u00e4ft verkaufen? Dann ist das eine gute Wahl. Wir von Varia Vert sind daf\u00fcr besorgt, dass Sie die beste Qualit\u00e4t erhalten. Wir sind eine Rhododendren G\u00e4rtnerei mit viel Erfahrung und Wissen \u00fcber dieses Gew\u00e4chs.<\/p>\n<p>Da wir wissen, dass dieses Gew\u00e4chs in grossen G\u00e4rten oder als Zierpflanze sehr beliebt ist, versuchen wir die Qualit\u00e4t auf h\u00f6chstm\u00f6glichen Niveau zu halten. Die Rhododendren stammt aus der Familie der Heidekrautgew\u00e4chse ab. Diese Familie ist eine grosse Gattung welcher auch diese Rhododendren angeh\u00f6rt. Es ist eine bl\u00fchende Pflanze welche nebeneinander aufgereiht eine wunderbare Ansicht mit vielen Bl\u00fcten ergibt. Sie k\u00f6nnen diese Pflanze jedoch auch alleine pflanzen. Mit diesem sch\u00f6nen Anblick geben Sie Ihrem Garten eine farbenfrohe Erg\u00e4nzung. Diese Pflanze ist winterfest und wenn Sie sie gut behandeln k\u00f6nnen sie jedes Jahr von neuem bl\u00fchen.<\/p>\n<p>Die originale \u00dcbersetzung f\u00fcr Rhododendren ist Rosenbaum. Dar\u00fcber hinaus k\u00f6nnen diese Pflanzen gut der Sonne widerstehen und geben so in der Hochsaison einen herrlichen Duft ab!<\/p>\n<p>Bestellen Sie jetzt diese Pflanze bei Ihrer Rhododendren G\u00e4rtnerei Varia Vert!<\/p>\n<h2><strong>Suchen Sie einen <\/strong><strong>Rhododendren<\/strong><strong> G\u00e4rtnerei mit Qualit\u00e4t und Top-Preisen?<\/strong><\/h2>\n<p>Ihre <em><strong>Rhododendren G\u00e4rtnerei<\/strong><\/em>, Varia Vert ist Spezialist auf diesem Gebiet. Wir sind f\u00fchrend da wir sehr flexibel sind und die bestm\u00f6gliche Qualit\u00e4t anbieten k\u00f6nnen. Dar\u00fcber hinaus k\u00f6nnen wir einen unschlagbaren Preis anbieten weil wir alles in Eigenregie ausf\u00fchren und alle Zutaten aus dem eigenen Land beziehen. Dies bedeutet, dass die Rhododendren exklusiv aus Holland stammen. Sie werden es an der hohen Qualit\u00e4t bemerken.<\/p>\n<p>Wir garantieren Ihnen auch eine schnelle Lieferung da wir all unsere Pflanzen selber transportieren. Auch w\u00e4hrend dem Transport sind wir f\u00fcr eine hohe Qualit\u00e4t besorgt. Wir sorgen daf\u00fcr, dass die Pflanzen untern den besten Bedingungen an ihren Bestimmungsort transportiert werden.<\/p>\n<p>Willkommen bei der Rhododendren G\u00e4rtnerei aus Holland mit der besten Qualit\u00e4t \u2013 Varia Vert!<\/p>\n","protected":false},"excerpt":{"rendered":"<p>Suchen Sie eine Rhododendren G\u00e4rtnerei mit h\u00f6chster Qualit\u00e4tsgarantie? Eine sch\u00f6ne Rhododendren ist f\u00fcr einen Garten eine wunderbare Pflanze. M\u00f6chten Sie diese Pflanze in Ihrem Gartenzentrum oder Gesch\u00e4ft verkaufen? Dann ist das eine gute Wahl. Wir von Varia Vert sind daf\u00fcr besorgt, dass Sie die beste Qualit\u00e4t erhalten. Wir sind eine Rhododendren G\u00e4rtnerei mit viel Erfahrung [&hellip;]<\/p>\n","protected":false},"author":1,"featured_media":9,"parent":92,"menu_order":0,"comment_status":"closed","ping_status":"closed","template":"template_variavert.php","meta":[],"_links":{"self":[{"href":"https:\/\/www.varia-vert.com\/de\/wp-json\/wp\/v2\/pages\/144"}],"collection":[{"href":"https:\/\/www.varia-vert.com\/de\/wp-json\/wp\/v2\/pages"}],"about":[{"href":"https:\/\/www.varia-vert.com\/de\/wp-json\/wp\/v2\/types\/page"}],"author":[{"embeddable":true,"href":"https:\/\/www.varia-vert.com\/de\/wp-json\/wp\/v2\/users\/1"}],"replies":[{"embeddable":true,"href":"https:\/\/www.varia-vert.com\/de\/wp-json\/wp\/v2\/comments?post=144"}],"version-history":[{"count":1,"href":"https:\/\/www.varia-vert.com\/de\/wp-json\/wp\/v2\/pages\/144\/revisions"}],"predecessor-version":[{"id":145,"href":"https:\/\/www.varia-vert.com\/de\/wp-json\/wp\/v2\/pages\/144\/revisions\/145"}],"up":[{"embeddable":true,"href":"https:\/\/www.varia-vert.com\/de\/wp-json\/wp\/v2\/pages\/92"}],"wp:featuredmedia":[{"embeddable":true,"href":"https:\/\/www.varia-vert.com\/de\/wp-json\/wp\/v2\/media\/9"}],"wp:attachment":[{"href":"https:\/\/www.varia-vert.com\/de\/wp-json\/wp\/v2\/media?parent=144"}],"curies":[{"name":"wp","href":"https:\/\/api.w.org\/{rel}","templated":true}]}}