{"id":146,"date":"2017-01-09T21:10:17","date_gmt":"2017-01-09T20:10:17","guid":{"rendered":"http:\/\/www.varia-vert.com\/?page_id=146\/"},"modified":"2017-01-09T21:10:17","modified_gmt":"2017-01-09T20:10:17","slug":"rhododendren-solitaer","status":"publish","type":"page","link":"https:\/\/www.varia-vert.com\/de\/sortiment\/rhododendren-solitaer\/","title":{"rendered":"Rhododendren Solit\u00e4r"},"content":{"rendered":"<h1><strong>M\u00f6chten Sie einen <\/strong><strong>Rhododendren<\/strong><strong> Solit\u00e4r bei Varia Vert bestellen?<\/strong><\/h1>\n<p>Die Rhododendren stin eine wunderbare Pflanze welche in fast allen G\u00e4rten zu finden ist. Dieses Gew\u00e4chs ist ein Prunkst\u00fcck in Ihrem Garten und sollte darum die richtige und beste Qualit\u00e4t haben! Darum haben wir von Varia Vert einen <em><strong>Rhododendren Solit\u00e4r<\/strong><\/em> welche garantiert auf nat\u00fcrliche Weise gez\u00fcchtet wurde. Wir haben alles daran gesetzt dass diese Pflanze von h\u00f6chster Qualit\u00e4t ist. Wir k\u00f6nnen diese Pflanze auch zu Ihnen liefern damit Sie nichts damit zu tun haben. Die Pflanze ist vollst\u00e4ndig nach Wunsch getrimmt damit Sie die H\u00e4nde nicht mehr schmutzig machen m\u00fcssen! Die Rhododendren sind eine Pflanzengattung aus der Familie der Heidekrautgew\u00e4chse. Diese alte Pflanzengattung ist sehr bekannt und z\u00e4hlt beinahe 600 verschiedene Arten. Die Rhododendren ist auch f\u00fcr die grossen Bl\u00fcten bekannt.<\/p>\n<p>Wenn die Pflanze gut unterhalten wird und von guter Qualit\u00e4t ist kann sie enorm grosse Bl\u00fcten bekommen. Das macht sie zu einem richtigen Juwel in Ihrem Garten! Die originale \u00dcbersetzung f\u00fcr Rhododendren ist Rosenbaum was jedoch nicht h\u00e4ufig verwendet wird. Wir z\u00fcchten diese Pflanze sorgf\u00e4ltig und schenken ihr die richtige Aufmerksamkeit! Bestellen Sie jetzt Ihren Rhododendren Solit\u00e4r bei Varia Vert!<\/p>\n<h2><strong>Suchen Sie einen qualitativ hochstehenden <\/strong><strong>Rhododendren<\/strong><strong> Solit\u00e4r aus Holland?<\/strong><\/h2>\n<p>Varia Vert ist eine G\u00e4rtnerei aus Holland welche jahrelange Erfahrung in der Zucht von Pflanzen sowie deren gesamten Organisation aufgebaut hat. Die Pflanze muss entsprechend versorgt werden und sollte f\u00fcr eine langlebige Haltbarkeit entsprechend gut transportiert werden. Wir h\u00f6ren unseren Kunden zu und halten unsere Abmachungen ein!<\/p>\n<p>Wir versuchen so flexibel wie m\u00f6glich zu sein und halten daf\u00fcr kurze Kommunikationswege mit unseren Kunden. Dies erm\u00f6glicht Ihnen ihre W\u00fcnsche uns jederzeit mitzuteilen damit wir diese schnell und effektiv einfliessen k\u00f6nnen.<\/p>\n<p>So erhalten Sie eine komplett massgeschneiderte Pflanze und Wunsch! Das ist der grosse Vorteil von Varia Vert aus Holland!<\/p>\n","protected":false},"excerpt":{"rendered":"<p>M\u00f6chten Sie einen Rhododendren Solit\u00e4r bei Varia Vert bestellen? Die Rhododendren stin eine wunderbare Pflanze welche in fast allen G\u00e4rten zu finden ist. Dieses Gew\u00e4chs ist ein Prunkst\u00fcck in Ihrem Garten und sollte darum die richtige und beste Qualit\u00e4t haben! Darum haben wir von Varia Vert einen Rhododendren Solit\u00e4r welche garantiert auf nat\u00fcrliche Weise gez\u00fcchtet [&hellip;]<\/p>\n","protected":false},"author":1,"featured_media":9,"parent":92,"menu_order":0,"comment_status":"closed","ping_status":"closed","template":"template_variavert.php","meta":[],"_links":{"self":[{"href":"https:\/\/www.varia-vert.com\/de\/wp-json\/wp\/v2\/pages\/146"}],"collection":[{"href":"https:\/\/www.varia-vert.com\/de\/wp-json\/wp\/v2\/pages"}],"about":[{"href":"https:\/\/www.varia-vert.com\/de\/wp-json\/wp\/v2\/types\/page"}],"author":[{"embeddable":true,"href":"https:\/\/www.varia-vert.com\/de\/wp-json\/wp\/v2\/users\/1"}],"replies":[{"embeddable":true,"href":"https:\/\/www.varia-vert.com\/de\/wp-json\/wp\/v2\/comments?post=146"}],"version-history":[{"count":1,"href":"https:\/\/www.varia-vert.com\/de\/wp-json\/wp\/v2\/pages\/146\/revisions"}],"predecessor-version":[{"id":147,"href":"https:\/\/www.varia-vert.com\/de\/wp-json\/wp\/v2\/pages\/146\/revisions\/147"}],"up":[{"embeddable":true,"href":"https:\/\/www.varia-vert.com\/de\/wp-json\/wp\/v2\/pages\/92"}],"wp:featuredmedia":[{"embeddable":true,"href":"https:\/\/www.varia-vert.com\/de\/wp-json\/wp\/v2\/media\/9"}],"wp:attachment":[{"href":"https:\/\/www.varia-vert.com\/de\/wp-json\/wp\/v2\/media?parent=146"}],"curies":[{"name":"wp","href":"https:\/\/api.w.org\/{rel}","templated":true}]}}