{"id":148,"date":"2017-01-09T21:11:11","date_gmt":"2017-01-09T20:11:11","guid":{"rendered":"http:\/\/www.varia-vert.com\/?page_id=148\/"},"modified":"2017-01-09T21:11:11","modified_gmt":"2017-01-09T20:11:11","slug":"rhododendron-baumschule","status":"publish","type":"page","link":"https:\/\/www.varia-vert.com\/de\/sortiment\/rhododendron-baumschule\/","title":{"rendered":"Rhododendron Baumschule"},"content":{"rendered":"<h1><strong>Suchen Sie eine <\/strong><strong>Rhododendron Baumschule<\/strong><strong> mit h\u00f6chster Qualit\u00e4t?<\/strong><\/h1>\n<p>Suchen Sie eine G\u00e4rtnerei f\u00fcr unterschiedliche Pflanzen &#8211; einschliesslich den Rhododendren? Gerne ist Varia Vert Ihr Lieferant wenn es um Rhododendren Pflanzen geht. Wir z\u00fcchten diese Pflanzen in Eigenregie und sorgen daf\u00fcr, dass alle Pflanzen dieselbe Qualit\u00e4t aufweisen. Speziell f\u00fcr Sie z\u00fcchten wir gew\u00fcnschten Formen oder Abmessungen. Dadurch erhalten Sie eine Pflanze komplett nach Mass und nach Ihren W\u00fcnschen! Unsere G\u00e4rtnerei sorgt auch daf\u00fcr, dass die Lieferung termingerecht erfolgt. Weil wir immer sehr schnell reagieren, k\u00f6nnen Sie jederzeit sicher sein dass wir unsere Verpflichtungen erf\u00fcllen und Ihre Lieferung schnell und sorgf\u00e4ltig erfolgt. Wir k\u00f6nnen Ihnen eine Qualit\u00e4tsgarantie von Ihrer Bestellung abgeben da wir alles im eigenen Unternehmen bearbeiten. Dar\u00fcber hinaus haben wir immer einen unschlagbaren Preis  und berechnen g\u00fcnstige Tarife. Sie bezahlen bei uns sicher nie zu viel!<\/p>\n<p>Wir z\u00fcchten Pflanzen in aller Arten und Massen, von klein bis gross \u2013 das spielt keine Rolle! Bei uns erhalten Sie immer Pflanzen exklusiv aus Holland. Alle von uns verwendeten Zutaten stammen aus Holland was eine hohe Qualit\u00e4t garantiert. Willkommen bei Ihrer <em><strong>Rhododendron Baumschule<\/strong><\/em> aus Holland!<\/p>\n<h2><strong>Eine <\/strong><strong>Rhododendron Baumschule<\/strong><strong> mit Qualit\u00e4t und Top-Preisen?<\/strong><\/h2>\n<p>Varia Vert ist eine G\u00e4rtnerei welche schon viele Jahre aktiv in der Zucht von Rhododendren t\u00e4tig ist. Zus\u00e4tzlich verf\u00fcgen wir auch \u00fcber eine grosse Erfahrung in der Zucht von anderen Pflanzen und k\u00f6nnen f\u00fcr Sie alles organisieren. Wir sind sehr flexibel und sorgen jederzeit daf\u00fcr, dass Sie zufrieden bedient sind. Haben Sie zuf\u00e4llig einen speziellen Wunsch? Kein Problem, Ihre Rhododendron Baumschule steht Ihnen mit den besten L\u00f6sungen zur Verf\u00fcgung. Ob eine spezielle Form oder eine ungewohnte Abmessung \u2013 wir k\u00f6nnen das f\u00fcr Sie regeln! W\u00e4hlen Sie f\u00fcr exklusive Qualit\u00e4tsgarantie, pers\u00f6nlichen Kontakt und die besten Preisen die G\u00e4rtnerei aus Holland \u2013 Varia Vert aus Veen!<\/p>\n","protected":false},"excerpt":{"rendered":"<p>Suchen Sie eine Rhododendron Baumschule mit h\u00f6chster Qualit\u00e4t? Suchen Sie eine G\u00e4rtnerei f\u00fcr unterschiedliche Pflanzen &#8211; einschliesslich den Rhododendren? Gerne ist Varia Vert Ihr Lieferant wenn es um Rhododendren Pflanzen geht. Wir z\u00fcchten diese Pflanzen in Eigenregie und sorgen daf\u00fcr, dass alle Pflanzen dieselbe Qualit\u00e4t aufweisen. Speziell f\u00fcr Sie z\u00fcchten wir gew\u00fcnschten Formen oder Abmessungen. [&hellip;]<\/p>\n","protected":false},"author":1,"featured_media":9,"parent":92,"menu_order":0,"comment_status":"closed","ping_status":"closed","template":"template_variavert.php","meta":[],"_links":{"self":[{"href":"https:\/\/www.varia-vert.com\/de\/wp-json\/wp\/v2\/pages\/148"}],"collection":[{"href":"https:\/\/www.varia-vert.com\/de\/wp-json\/wp\/v2\/pages"}],"about":[{"href":"https:\/\/www.varia-vert.com\/de\/wp-json\/wp\/v2\/types\/page"}],"author":[{"embeddable":true,"href":"https:\/\/www.varia-vert.com\/de\/wp-json\/wp\/v2\/users\/1"}],"replies":[{"embeddable":true,"href":"https:\/\/www.varia-vert.com\/de\/wp-json\/wp\/v2\/comments?post=148"}],"version-history":[{"count":1,"href":"https:\/\/www.varia-vert.com\/de\/wp-json\/wp\/v2\/pages\/148\/revisions"}],"predecessor-version":[{"id":149,"href":"https:\/\/www.varia-vert.com\/de\/wp-json\/wp\/v2\/pages\/148\/revisions\/149"}],"up":[{"embeddable":true,"href":"https:\/\/www.varia-vert.com\/de\/wp-json\/wp\/v2\/pages\/92"}],"wp:featuredmedia":[{"embeddable":true,"href":"https:\/\/www.varia-vert.com\/de\/wp-json\/wp\/v2\/media\/9"}],"wp:attachment":[{"href":"https:\/\/www.varia-vert.com\/de\/wp-json\/wp\/v2\/media?parent=148"}],"curies":[{"name":"wp","href":"https:\/\/api.w.org\/{rel}","templated":true}]}}