{"id":150,"date":"2017-01-09T21:12:44","date_gmt":"2017-01-09T20:12:44","guid":{"rendered":"http:\/\/www.varia-vert.com\/?page_id=150\/"},"modified":"2017-01-09T21:12:44","modified_gmt":"2017-01-09T20:12:44","slug":"taxus-baumschule","status":"publish","type":"page","link":"https:\/\/www.varia-vert.com\/de\/sortiment\/taxus-baumschule\/","title":{"rendered":"Taxus Baumschule"},"content":{"rendered":"<h1><strong>Suchen Sie eine Taxus Baumschule aus Holland mit viel Erfahrung?<\/strong><\/h1>\n<p>Wir sind eine Taxus Baumschule, jedoch nicht eine wie alle anderen G\u00e4rtnereien. Wir liefern echte Qualit\u00e4t und k\u00f6nnen das auch erkl\u00e4ren warum wir eine f\u00fchrende G\u00e4rtnerei sind. Wir f\u00fchren so viel wie m\u00f6glich in Eigenregie aus. Dies bedeutet, dass alles aus Holland stammt und von echter Qualit\u00e4t abstammt. Wir z\u00fcchten alles selber und sorgen daf\u00fcr, dass wir w\u00e4hrend dem ganzen Prozess die Kontrolle haben. Wenn notwendig nehmen wir Anpassungen vor.<\/p>\n<p>Aber auch wenn Sie selbst spezielle W\u00fcnsche oder Bed\u00fcrfnisse haben, k\u00f6nnen wir diese jederzeit ber\u00fccksichtigen. Wir k\u00f6nnen zum Beispiel die Form nach Ihren W\u00fcnschen anpassen oder arrangieren, dass f\u00fcr Sie gew\u00fcnschte Abmessungen hergestellt werden. Dadurch werden Ihnen die Pflanzen nach Mass geliefert welche Sie je nach Bed\u00fcrfnisse verkaufen oder selber platzieren k\u00f6nnen. Wir z\u00fcchten Eiben in allen Sorten und Abmessungen. Jede Form zeugt bei uns von hoher Qualit\u00e4t. Durch den pers\u00f6nlichen Kontakt sorgen wir f\u00fcr kurze Kommunikationswege mit unseren Kunden. So k\u00f6nnen wir schnell reagieren und beantworten Ihre spezifischen Fragen. Wir k\u00f6nnen damit auch schnelle Lieferungen garantieren was f\u00fcr Sie als Kunde vorteilhaft ist!<\/p>\n<h2><strong>Suchen Sie eine Taxus Baumschule die sich bei Ihren Produkten auskennt?<\/strong><\/h2>\n<p>Die Eibe ist eine wunderbare Pflanze. Die Eiben stammen von den Koniferen ab, dabei bilden die Eiben eine Pflanzengattung in der Familie der Eibengew\u00e4chse. Diese Pflanze ist winterfest und bleibt lange erhalten. Im Verh\u00e4ltnis ben\u00f6tigt diese Pflanze wenig Unterhalt und macht es einfacher f\u00fcr Sie so dass Sie lange die Eibe geniessen k\u00f6nnen. Da wir als Taxus Baumschule die Pflanzen immer zum richtigen Zeitpunkt verkaufen, werden Sie lange daran Freude haben.<\/p>\n<p>Die Eiben wachsen sehr langsam was bedeutet, dass die Lebensdauer noch zus\u00e4tzlich verl\u00e4ngert wird. Bestellen Sie jetzt Eibengew\u00e4chse mit bester Qualit\u00e4t bei Varia Vert!<\/p>\n","protected":false},"excerpt":{"rendered":"<p>Suchen Sie eine Taxus Baumschule aus Holland mit viel Erfahrung? Wir sind eine Taxus Baumschule, jedoch nicht eine wie alle anderen G\u00e4rtnereien. Wir liefern echte Qualit\u00e4t und k\u00f6nnen das auch erkl\u00e4ren warum wir eine f\u00fchrende G\u00e4rtnerei sind. Wir f\u00fchren so viel wie m\u00f6glich in Eigenregie aus. Dies bedeutet, dass alles aus Holland stammt und von [&hellip;]<\/p>\n","protected":false},"author":1,"featured_media":9,"parent":92,"menu_order":0,"comment_status":"closed","ping_status":"closed","template":"template_variavert.php","meta":[],"_links":{"self":[{"href":"https:\/\/www.varia-vert.com\/de\/wp-json\/wp\/v2\/pages\/150"}],"collection":[{"href":"https:\/\/www.varia-vert.com\/de\/wp-json\/wp\/v2\/pages"}],"about":[{"href":"https:\/\/www.varia-vert.com\/de\/wp-json\/wp\/v2\/types\/page"}],"author":[{"embeddable":true,"href":"https:\/\/www.varia-vert.com\/de\/wp-json\/wp\/v2\/users\/1"}],"replies":[{"embeddable":true,"href":"https:\/\/www.varia-vert.com\/de\/wp-json\/wp\/v2\/comments?post=150"}],"version-history":[{"count":1,"href":"https:\/\/www.varia-vert.com\/de\/wp-json\/wp\/v2\/pages\/150\/revisions"}],"predecessor-version":[{"id":151,"href":"https:\/\/www.varia-vert.com\/de\/wp-json\/wp\/v2\/pages\/150\/revisions\/151"}],"up":[{"embeddable":true,"href":"https:\/\/www.varia-vert.com\/de\/wp-json\/wp\/v2\/pages\/92"}],"wp:featuredmedia":[{"embeddable":true,"href":"https:\/\/www.varia-vert.com\/de\/wp-json\/wp\/v2\/media\/9"}],"wp:attachment":[{"href":"https:\/\/www.varia-vert.com\/de\/wp-json\/wp\/v2\/media?parent=150"}],"curies":[{"name":"wp","href":"https:\/\/api.w.org\/{rel}","templated":true}]}}