{"id":90,"date":"2017-01-02T21:31:44","date_gmt":"2017-01-02T20:31:44","guid":{"rendered":"http:\/\/www.varia-vert.com\/?page_id=90\/"},"modified":"2017-01-09T20:49:35","modified_gmt":"2017-01-09T19:49:35","slug":"thuja-import","status":"publish","type":"page","link":"https:\/\/www.varia-vert.com\/de\/sortiment\/thuja-import\/","title":{"rendered":"Thuja import"},"content":{"rendered":"<h1>Suchen Sie eine professionelle G\u00e4rtnerei aus Holland f\u00fcr den Import von Thuja?<\/h1>\n<p>Wir sind Varia Vert, ein Unternehmen aus Holland welches f\u00fcr beste Qualit\u00e4t sorgt!\u00a0Wir z\u00fcchten unterschiedliche Pflanzensorten in Eigenregie.\u00a0Da wir das seit Jahren tun haben wir auch ein Gesp\u00fcr f\u00fcr die beste Qualit\u00e4t entwickelt. \u00a0Kontinuierlich arbeiten wir daran und verbessern so die bereits hohe Qualit\u00e4t!\u00a0Wir bieten unseren Kunden den pers\u00f6nlichen Kontakt. Dadurch sind wir stets am Puls des Kunden und k\u00f6nnen auf Fragen schnell reagieren.<\/p>\n<p>Zudem k\u00f6nnen Sie uns Ihre speziellen W\u00fcnsche wie Gr\u00f6ssen oder Formen mitteilen.\u00a0Die W\u00fcnsche k\u00f6nnen wir dann w\u00e4hrend der Wachstumsphase der Thuja einfliessen lassen. So erhalten Sie Ihre gew\u00fcnschte Thuja in der richtigen Form und Gr\u00f6sse.\u00a0Da wir alles im eigenen Unternehmen haben, k\u00f6nnen wir immer schnell reagieren. So sind zum Beispiel die Lieferzeiten sehr kurz.\u00a0Da wir die Ihre Bestellungen selber zu Ihnen transportieren, k\u00f6nnen wir f\u00fcr den sorgf\u00e4ltigen und sicheren Transport der Thuja garantieren.\u00a0Sie erhalten Ihre Thuja Bestellung schnell und zu einem unschlagbaren Preis durch den besten Thuja-Importeur aus Holland.<\/p>\n<h2><strong>Ihr Thuja-Import durch die G\u00e4rtnerei mit jahrelanger Erfahrung!<\/strong><\/h2>\n<p>Die Thuja ist eine wunderbare Pflanze welche unter besten Bedingungen in Holland gez\u00fcchtet wird.\u00a0\u00dcbrigens ist diese Pflanze auch winterfest wodurch Sie diese jahrelang halten k\u00f6nnen.\u00a0Wenn Sie die Thuja gut pflegen ist diese Pflanze auch immer gr\u00fcn und Sie k\u00f6nnen sich daran das ganze Jahr erfreuen.\u00a0Diese Pflanze ist auch besser bekannt als Lebensbaum, eine Bezeichnung welche ebenfalls h\u00e4ufig verwendet wird.\u00a0Der Lebensbaum ist eine Gattung der Koniferen und besteht damit schon sehr lange und kommt somit in den meisten G\u00e4rten vor.\u00a0Den Import von Thuja regeln Sie am Besten mit Varia Vert aus Holland!<\/p>\n","protected":false},"excerpt":{"rendered":"<p>Suchen Sie eine professionelle G\u00e4rtnerei aus Holland f\u00fcr den Import von Thuja? Wir sind Varia Vert, ein Unternehmen aus Holland welches f\u00fcr beste Qualit\u00e4t sorgt!\u00a0Wir z\u00fcchten unterschiedliche Pflanzensorten in Eigenregie.\u00a0Da wir das seit Jahren tun haben wir auch ein Gesp\u00fcr f\u00fcr die beste Qualit\u00e4t entwickelt. \u00a0Kontinuierlich arbeiten wir daran und verbessern so die bereits hohe [&hellip;]<\/p>\n","protected":false},"author":1,"featured_media":9,"parent":92,"menu_order":0,"comment_status":"closed","ping_status":"closed","template":"template_variavert.php","meta":[],"_links":{"self":[{"href":"https:\/\/www.varia-vert.com\/de\/wp-json\/wp\/v2\/pages\/90"}],"collection":[{"href":"https:\/\/www.varia-vert.com\/de\/wp-json\/wp\/v2\/pages"}],"about":[{"href":"https:\/\/www.varia-vert.com\/de\/wp-json\/wp\/v2\/types\/page"}],"author":[{"embeddable":true,"href":"https:\/\/www.varia-vert.com\/de\/wp-json\/wp\/v2\/users\/1"}],"replies":[{"embeddable":true,"href":"https:\/\/www.varia-vert.com\/de\/wp-json\/wp\/v2\/comments?post=90"}],"version-history":[{"count":1,"href":"https:\/\/www.varia-vert.com\/de\/wp-json\/wp\/v2\/pages\/90\/revisions"}],"predecessor-version":[{"id":91,"href":"https:\/\/www.varia-vert.com\/de\/wp-json\/wp\/v2\/pages\/90\/revisions\/91"}],"up":[{"embeddable":true,"href":"https:\/\/www.varia-vert.com\/de\/wp-json\/wp\/v2\/pages\/92"}],"wp:featuredmedia":[{"embeddable":true,"href":"https:\/\/www.varia-vert.com\/de\/wp-json\/wp\/v2\/media\/9"}],"wp:attachment":[{"href":"https:\/\/www.varia-vert.com\/de\/wp-json\/wp\/v2\/media?parent=90"}],"curies":[{"name":"wp","href":"https:\/\/api.w.org\/{rel}","templated":true}]}}